{"id":3712,"date":"2023-05-09T06:27:43","date_gmt":"2023-05-09T04:27:43","guid":{"rendered":"https:\/\/www.altamar-films.com\/?page_id=3712"},"modified":"2025-11-25T21:10:34","modified_gmt":"2025-11-25T20:10:34","slug":"home","status":"publish","type":"page","link":"https:\/\/www.altamar-films.com\/fr\/","title":{"rendered":"Accueil"},"content":{"rendered":"<div  class=\"tatsu-SyA50iJill tatsu-section  tatsu-section-custom-height tatsu-video-section tatsu-bg-overlay   tatsu-clearfix\" data-title=\"\"  data-headerscheme=\"background--dark\"><div class = \"tatsu-custom-height-wrap\"><div class='tatsu-section-pad clearfix' data-padding='{\"d\":\"0px 0px 0px 0px\"}' data-padding-top='0px'><div class=\"tatsu-row-wrap  tatsu-wrap tatsu-row-one-col tatsu-row-has-one-cols tatsu-medium-gutter tatsu-reg-cols  tatsu-clearfix tatsu-ByxA5Cskjex\" ><div  class=\"tatsu-row \" ><div  class=\"tatsu-column  tatsu-bg-overlay tatsu-one-col tatsu-column-image-none tatsu-column-effect-none  tatsu-Hy-RqCjyjex\"  data-parallax-speed=\"0\" style=\"\"><div class=\"tatsu-column-inner \" ><div class=\"tatsu-column-pad-wrap\"><div class=\"tatsu-column-pad\" ><div  class=\"tatsu-module tatsu-normal-button tatsu-button-wrap align-block block-center  tatsu-B1mR9Rj1ile   \"><a class=\"tatsu-shortcode smallbtn tatsu-button left-icon circular   bg-animation-none  \" href=\"\/fr\/films\/\" style= \"\"  aria-label=\"Nos films \u00bb\" data-gdpr-atts={} >Nos films \u00bb<\/a><style>.tatsu-B1mR9Rj1ile .tatsu-button{background-color: #ffffff;color: rgba(35,35,35,1) ;}.tatsu-B1mR9Rj1ile .tatsu-button:hover{background-color: rgba(0,255,204,1);color: rgba(0,0,0,1) ;}<\/style><\/div><\/div><\/div><div class = \"tatsu-column-bg-image-wrap\"><div class = \"tatsu-column-bg-image\" ><\/div><\/div><div class=\"tatsu-overlay tatsu-column-overlay tatsu-animate-none\" ><\/div><\/div><style>.tatsu-row > .tatsu-Hy-RqCjyjex.tatsu-column{width: 100%;}.tatsu-Hy-RqCjyjex.tatsu-column > .tatsu-column-inner > .tatsu-column-overlay{mix-blend-mode: normal;}.tatsu-Hy-RqCjyjex > .tatsu-column-inner > .tatsu-top-divider{z-index: 9999;}.tatsu-Hy-RqCjyjex > .tatsu-column-inner > .tatsu-bottom-divider{z-index: 9999;}.tatsu-Hy-RqCjyjex > .tatsu-column-inner > .tatsu-left-divider{z-index: 9999;}.tatsu-Hy-RqCjyjex > .tatsu-column-inner > .tatsu-right-divider{z-index: 9999;}@media only screen and (max-width:1377px) {.tatsu-row > .tatsu-Hy-RqCjyjex.tatsu-column{width: 100%;}}@media only screen and (min-width:768px) and (max-width: 1024px) {.tatsu-row > .tatsu-Hy-RqCjyjex.tatsu-column{width: 100%;}}@media only screen and (max-width: 767px) {.tatsu-row > .tatsu-Hy-RqCjyjex.tatsu-column{width: 100%;}}<\/style><\/div><\/div><\/div><\/div><div class=\"tatsu-section-background-wrap\"><div class = \"tatsu-section-background\" ><\/div><\/div><video class=\"tatsu-bg-video\" autoplay=\"autoplay\" loop=\"loop\" muted=\"muted\" preload=\"auto\" playsinline webkit-playsinline><source src=\"https:\/\/www.altamar-films.com\/wp-content\/trailer_homepage\/trailer.mp4\" type=\"video\/mp4\"><\/video><div class=\"tatsu-overlay tatsu-section-overlay\"><\/div><\/div><style>.tatsu-SyA50iJill.tatsu-section{background-color: rgba(0,0,0,1);}.tatsu-SyA50iJill .tatsu-section-background{background-image: url(https:\/\/www.altamar-films.com\/wp-content\/uploads\/revslider\/video-media\/day-of-the-tiger-son_1062.jpeg);background-repeat: no-repeat;background-attachment: scroll;background-position: top left;background-size: cover;}.tatsu-SyA50iJill .tatsu-bg-blur{background-repeat: no-repeat;background-attachment: scroll;background-position: top left;background-size: cover;}.tatsu-SyA50iJill .tatsu-section-offset-wrap{transform: translateY(-0px);}.tatsu-SyA50iJill > .tatsu-bottom-divider{z-index: 9999;}.tatsu-SyA50iJill > .tatsu-top-divider{z-index: 9999;}.tatsu-SyA50iJill .tatsu-section-overlay{mix-blend-mode: normal;}.tatsu-SyA50iJill .tatsu-custom-height-wrap{align-items: center;min-height: 100vh;}<\/style><\/div>\n","protected":false},"excerpt":{"rendered":"<p><a href=\"https:\/\/www.altamar-films.com\/fr\/\" class=\"more-link style1-button\">Read More<\/a><\/p>","protected":false},"author":1,"featured_media":0,"parent":0,"menu_order":0,"comment_status":"closed","ping_status":"closed","template":"","meta":[],"yoast_head":"<!-- This site is optimized with the Yoast SEO plugin v20.2.1 - https:\/\/yoast.com\/wordpress\/plugins\/seo\/ -->\n<title>Accueil - altamar films<\/title>\n<meta name=\"description\" content=\"Altamar films est une soci\u00e9t\u00e9 de production fran\u00e7aise qui travaille avec des r\u00e9alisateurs portant des r\u00e9cits forts avec un style unique.\" \/>\n<meta name=\"robots\" content=\"index, follow, max-snippet:-1, max-image-preview:large, max-video-preview:-1\" \/>\n<link rel=\"canonical\" href=\"https:\/\/www.altamar-films.com\/fr\/home\/\" \/>\n<meta property=\"og:locale\" content=\"fr_FR\" \/>\n<meta property=\"og:type\" content=\"article\" \/>\n<meta property=\"og:title\" content=\"Altamar films\" \/>\n<meta property=\"og:description\" content=\"Altamar films est une soci\u00e9t\u00e9 de production fran\u00e7aise qui travaille avec des r\u00e9alisateurs portant des r\u00e9cits forts avec un style unique.\" \/>\n<meta property=\"og:url\" content=\"https:\/\/www.altamar-films.com\/fr\/home\/\" \/>\n<meta property=\"og:site_name\" content=\"altamar films\" \/>\n<meta property=\"article:modified_time\" content=\"2025-11-25T20:10:34+00:00\" \/>\n<meta property=\"og:image\" content=\"https:\/\/www.altamar-films.com\/wp-content\/uploads\/2023\/05\/lost-songs-kiro-russo-altamar-films-thumb-bis.jpg\" \/>\n\t<meta property=\"og:image:width\" content=\"1800\" \/>\n\t<meta property=\"og:image:height\" content=\"1014\" \/>\n\t<meta property=\"og:image:type\" content=\"image\/jpeg\" \/>\n<meta name=\"twitter:card\" content=\"summary_large_image\" \/>\n<meta name=\"twitter:title\" content=\"Altamar films\" \/>\n<meta name=\"twitter:description\" content=\"Altamar films est une soci\u00e9t\u00e9 de production fran\u00e7aise qui travaille avec des r\u00e9alisateurs portant des r\u00e9cits forts avec un style unique.\" \/>\n<meta name=\"twitter:image\" content=\"https:\/\/www.altamar-films.com\/wp-content\/uploads\/2023\/05\/lost-songs-kiro-russo-altamar-films-thumb-bis.jpg\" \/>\n<meta name=\"twitter:label1\" content=\"Dur\u00e9e de lecture estim\u00e9e\" \/>\n\t<meta name=\"twitter:data1\" content=\"2 minutes\" \/>\n<script type=\"application\/ld+json\" class=\"yoast-schema-graph\">{\"@context\":\"https:\/\/schema.org\",\"@graph\":[{\"@type\":\"WebPage\",\"@id\":\"https:\/\/www.altamar-films.com\/fr\/home\/\",\"url\":\"https:\/\/www.altamar-films.com\/fr\/home\/\",\"name\":\"Accueil - altamar films\",\"isPartOf\":{\"@id\":\"https:\/\/www.altamar-films.com\/#website\"},\"datePublished\":\"2023-05-09T04:27:43+00:00\",\"dateModified\":\"2025-11-25T20:10:34+00:00\",\"description\":\"Altamar films est une soci\u00e9t\u00e9 de production fran\u00e7aise qui travaille avec des r\u00e9alisateurs portant des r\u00e9cits forts avec un style unique.\",\"breadcrumb\":{\"@id\":\"https:\/\/www.altamar-films.com\/fr\/home\/#breadcrumb\"},\"inLanguage\":\"fr-FR\",\"potentialAction\":[{\"@type\":\"ReadAction\",\"target\":[\"https:\/\/www.altamar-films.com\/fr\/home\/\"]}]},{\"@type\":\"BreadcrumbList\",\"@id\":\"https:\/\/www.altamar-films.com\/fr\/home\/#breadcrumb\",\"itemListElement\":[{\"@type\":\"ListItem\",\"position\":1,\"name\":\"Home\",\"item\":\"https:\/\/www.altamar-films.com\/fr\/home\/\"},{\"@type\":\"ListItem\",\"position\":2,\"name\":\"Accueil\"}]},{\"@type\":\"WebSite\",\"@id\":\"https:\/\/www.altamar-films.com\/#website\",\"url\":\"https:\/\/www.altamar-films.com\/\",\"name\":\"Altamar films\",\"description\":\"altamar films\",\"publisher\":{\"@id\":\"https:\/\/www.altamar-films.com\/#organization\"},\"alternateName\":\"Altamar-films\",\"potentialAction\":[{\"@type\":\"SearchAction\",\"target\":{\"@type\":\"EntryPoint\",\"urlTemplate\":\"https:\/\/www.altamar-films.com\/?s={search_term_string}\"},\"query-input\":\"required name=search_term_string\"}],\"inLanguage\":\"fr-FR\"},{\"@type\":\"Organization\",\"@id\":\"https:\/\/www.altamar-films.com\/#organization\",\"name\":\"Altamar films\",\"alternateName\":\"Altamar-films\",\"url\":\"https:\/\/www.altamar-films.com\/\",\"logo\":{\"@type\":\"ImageObject\",\"inLanguage\":\"fr-FR\",\"@id\":\"https:\/\/www.altamar-films.com\/#\/schema\/logo\/image\/\",\"url\":\"https:\/\/www.altamar-films.com\/wp-content\/uploads\/2023\/04\/altamar-films-about-alexa-rivero.jpg\",\"contentUrl\":\"https:\/\/www.altamar-films.com\/wp-content\/uploads\/2023\/04\/altamar-films-about-alexa-rivero.jpg\",\"width\":2160,\"height\":1208,\"caption\":\"Altamar films\"},\"image\":{\"@id\":\"https:\/\/www.altamar-films.com\/#\/schema\/logo\/image\/\"}}]}<\/script>\n<!-- \/ Yoast SEO plugin. -->","yoast_head_json":{"title":"Accueil - altamar films","description":"Altamar films est une soci\u00e9t\u00e9 de production fran\u00e7aise qui travaille avec des r\u00e9alisateurs portant des r\u00e9cits forts avec un style unique.","robots":{"index":"index","follow":"follow","max-snippet":"max-snippet:-1","max-image-preview":"max-image-preview:large","max-video-preview":"max-video-preview:-1"},"canonical":"https:\/\/www.altamar-films.com\/fr\/home\/","og_locale":"fr_FR","og_type":"article","og_title":"Altamar films","og_description":"Altamar films est une soci\u00e9t\u00e9 de production fran\u00e7aise qui travaille avec des r\u00e9alisateurs portant des r\u00e9cits forts avec un style unique.","og_url":"https:\/\/www.altamar-films.com\/fr\/home\/","og_site_name":"altamar films","article_modified_time":"2025-11-25T20:10:34+00:00","og_image":[{"width":1800,"height":1014,"url":"https:\/\/www.altamar-films.com\/wp-content\/uploads\/2023\/05\/lost-songs-kiro-russo-altamar-films-thumb-bis.jpg","type":"image\/jpeg"}],"twitter_card":"summary_large_image","twitter_title":"Altamar films","twitter_description":"Altamar films est une soci\u00e9t\u00e9 de production fran\u00e7aise qui travaille avec des r\u00e9alisateurs portant des r\u00e9cits forts avec un style unique.","twitter_image":"https:\/\/www.altamar-films.com\/wp-content\/uploads\/2023\/05\/lost-songs-kiro-russo-altamar-films-thumb-bis.jpg","twitter_misc":{"Dur\u00e9e de lecture estim\u00e9e":"2 minutes"},"schema":{"@context":"https:\/\/schema.org","@graph":[{"@type":"WebPage","@id":"https:\/\/www.altamar-films.com\/fr\/home\/","url":"https:\/\/www.altamar-films.com\/fr\/home\/","name":"Accueil - altamar films","isPartOf":{"@id":"https:\/\/www.altamar-films.com\/#website"},"datePublished":"2023-05-09T04:27:43+00:00","dateModified":"2025-11-25T20:10:34+00:00","description":"Altamar films est une soci\u00e9t\u00e9 de production fran\u00e7aise qui travaille avec des r\u00e9alisateurs portant des r\u00e9cits forts avec un style unique.","breadcrumb":{"@id":"https:\/\/www.altamar-films.com\/fr\/home\/#breadcrumb"},"inLanguage":"fr-FR","potentialAction":[{"@type":"ReadAction","target":["https:\/\/www.altamar-films.com\/fr\/home\/"]}]},{"@type":"BreadcrumbList","@id":"https:\/\/www.altamar-films.com\/fr\/home\/#breadcrumb","itemListElement":[{"@type":"ListItem","position":1,"name":"Home","item":"https:\/\/www.altamar-films.com\/fr\/home\/"},{"@type":"ListItem","position":2,"name":"Accueil"}]},{"@type":"WebSite","@id":"https:\/\/www.altamar-films.com\/#website","url":"https:\/\/www.altamar-films.com\/","name":"Altamar films","description":"altamar films","publisher":{"@id":"https:\/\/www.altamar-films.com\/#organization"},"alternateName":"Altamar-films","potentialAction":[{"@type":"SearchAction","target":{"@type":"EntryPoint","urlTemplate":"https:\/\/www.altamar-films.com\/?s={search_term_string}"},"query-input":"required name=search_term_string"}],"inLanguage":"fr-FR"},{"@type":"Organization","@id":"https:\/\/www.altamar-films.com\/#organization","name":"Altamar films","alternateName":"Altamar-films","url":"https:\/\/www.altamar-films.com\/","logo":{"@type":"ImageObject","inLanguage":"fr-FR","@id":"https:\/\/www.altamar-films.com\/#\/schema\/logo\/image\/","url":"https:\/\/www.altamar-films.com\/wp-content\/uploads\/2023\/04\/altamar-films-about-alexa-rivero.jpg","contentUrl":"https:\/\/www.altamar-films.com\/wp-content\/uploads\/2023\/04\/altamar-films-about-alexa-rivero.jpg","width":2160,"height":1208,"caption":"Altamar films"},"image":{"@id":"https:\/\/www.altamar-films.com\/#\/schema\/logo\/image\/"}}]}},"_links":{"self":[{"href":"https:\/\/www.altamar-films.com\/fr\/wp-json\/wp\/v2\/pages\/3712"}],"collection":[{"href":"https:\/\/www.altamar-films.com\/fr\/wp-json\/wp\/v2\/pages"}],"about":[{"href":"https:\/\/www.altamar-films.com\/fr\/wp-json\/wp\/v2\/types\/page"}],"author":[{"embeddable":true,"href":"https:\/\/www.altamar-films.com\/fr\/wp-json\/wp\/v2\/users\/1"}],"replies":[{"embeddable":true,"href":"https:\/\/www.altamar-films.com\/fr\/wp-json\/wp\/v2\/comments?post=3712"}],"version-history":[{"count":80,"href":"https:\/\/www.altamar-films.com\/fr\/wp-json\/wp\/v2\/pages\/3712\/revisions"}],"predecessor-version":[{"id":4868,"href":"https:\/\/www.altamar-films.com\/fr\/wp-json\/wp\/v2\/pages\/3712\/revisions\/4868"}],"wp:attachment":[{"href":"https:\/\/www.altamar-films.com\/fr\/wp-json\/wp\/v2\/media?parent=3712"}],"curies":[{"name":"wp","href":"https:\/\/api.w.org\/{rel}","templated":true}]}}