{"id":3770,"date":"2023-05-10T04:47:59","date_gmt":"2023-05-10T02:47:59","guid":{"rendered":"https:\/\/www.altamar-films.com\/?page_id=3770"},"modified":"2024-09-23T16:46:33","modified_gmt":"2024-09-23T14:46:33","slug":"contact","status":"publish","type":"page","link":"https:\/\/www.altamar-films.com\/fr\/contact\/","title":{"rendered":"Contact"},"content":{"rendered":"<div  class=\"tatsu-fqowy0lnh65bm3xa tatsu-section  tatsu-fullscreen tatsu-bg-overlay   tatsu-clearfix\" data-title=\"\"  data-headerscheme=\"background--dark\"><div class=\"tatsu-fullscreen-wrap\"><div class='tatsu-section-pad clearfix' data-padding='{\"d\":\"90px 0% 90px 0%\"}' data-padding-top='90px'><div class=\"tatsu-row-wrap  tatsu-wrap tatsu-row-one-col tatsu-row-has-one-cols tatsu-medium-gutter tatsu-reg-cols  tatsu-clearfix tatsu-fqowy0lnhu8byvne\" ><div  class=\"tatsu-row \" ><div  class=\"tatsu-column  tatsu-column-no-bg tatsu-one-col tatsu-column-image-none tatsu-column-effect-none  tatsu-fqowy0lni02qbzxw\"  data-parallax-speed=\"0\" style=\"\"><div class=\"tatsu-column-inner \" ><div class=\"tatsu-column-pad-wrap\"><div class=\"tatsu-column-pad\" ><div  class=\"tatsu-module tatsu-text-block-wrap tatsu-fqowy0lni6eynjax  \"><div class=\"tatsu-text-inner tatsu-align-center tatsu-animate clearfix\" data-animation=\"fadeInDown\"  ><style>.tatsu-fqowy0lni6eynjax.tatsu-text-block-wrap .tatsu-text-inner{text-align: center;padding: 0px 0px 10px 0px;}@media only screen and (max-width: 767px) {.tatsu-fqowy0lni6eynjax.tatsu-text-block-wrap .tatsu-text-inner{width: 100%;}}<\/style>\n<h1 style=\"text-align: center;\"><span style=\"color: #ffffff;\">contact<\/span><\/h1>\n<\/div><\/div><div  class=\"tatsu-module tatsu-normal-icon tatsu-icon-shortcode align-center tatsu-Byi6XdWF4   \"><style>.tatsu-Byi6XdWF4 .tatsu-icon{color: rgba(255,255,255,1) ;}.tatsu-Byi6XdWF4 .tatsu-icon:hover{color: rgba(178,178,178,1) ;}.tatsu-Byi6XdWF4.tatsu-normal-icon{margin: 0px 0px 0px 0px;}.tatsu-Byi6XdWF4{border-width: 0px 0px 0px 0px;}<\/style><a href=\"#scroll\"  class=\"tatsu-icon-wrap plain  tatsu-animate    \" data-animation=\"infiniteJump\"  data-animation-duration=\"3000\" aria-label=\"icon-arrow_carrot-down\" data-gdpr-atts={}   ><i class=\"tatsu-icon tatsu-custom-icon tatsu-custom-icon-class icon-arrow_carrot-down medium plain\"><\/i><\/a><\/div><\/div><\/div><div class = \"tatsu-column-bg-image-wrap\"><div class = \"tatsu-column-bg-image\" ><\/div><\/div><\/div><style>.tatsu-row > .tatsu-fqowy0lni02qbzxw.tatsu-column{width: 100%;}.tatsu-fqowy0lni02qbzxw.tatsu-column > .tatsu-column-inner > .tatsu-column-overlay{mix-blend-mode: none;}.tatsu-fqowy0lni02qbzxw > .tatsu-column-inner > .tatsu-top-divider{z-index: 9999;}.tatsu-fqowy0lni02qbzxw > .tatsu-column-inner > .tatsu-bottom-divider{z-index: 9999;}.tatsu-fqowy0lni02qbzxw > .tatsu-column-inner > .tatsu-left-divider{z-index: 9999;}.tatsu-fqowy0lni02qbzxw > .tatsu-column-inner > .tatsu-right-divider{z-index: 9999;}<\/style><\/div><\/div><\/div><\/div><div class=\"tatsu-section-background-wrap\"><div class = \"tatsu-section-background\" ><\/div><\/div><div class=\"tatsu-overlay tatsu-section-overlay\"><\/div><\/div><style>.tatsu-fqowy0lnh65bm3xa.tatsu-section{background-color: #eaeaea;}.tatsu-fqowy0lnh65bm3xa .tatsu-section-background{background-image: url(https:\/\/www.altamar-films.com\/wp-content\/uploads\/2023\/04\/Choix-photo-2-contact-ou-blurb-1.jpg);background-repeat: no-repeat;background-attachment: scroll;background-position: center center;background-size: cover;}.tatsu-fqowy0lnh65bm3xa .tatsu-bg-blur{background-repeat: no-repeat;background-attachment: scroll;background-position: center center;background-size: cover;}.tatsu-fqowy0lnh65bm3xa{border-width: 0px 0px px 0px;border-style: solid;}.tatsu-fqowy0lnh65bm3xa .tatsu-section-pad{padding: 90px 0% 90px 0%;}.tatsu-fqowy0lnh65bm3xa > .tatsu-bottom-divider{z-index: 9999;}.tatsu-fqowy0lnh65bm3xa > .tatsu-top-divider{z-index: 9999;}.tatsu-fqowy0lnh65bm3xa .tatsu-section-overlay{background: rgba(0,0,0,0.25);mix-blend-mode: normal;}.tatsu-fqowy0lnh65bm3xa .tatsu-fullscreen-wrap{align-items: center;}<\/style><\/div><div id=\"scroll\" class=\"tatsu-fqowy0lnrz1mh5xv tatsu-section    tatsu-clearfix\" data-title=\"\"  data-headerscheme=\"background--dark\"><div class='tatsu-section-pad clearfix' data-padding='{\"d\":\"90px 0% 0px 0%\"}' data-padding-top='90px'><div class=\"tatsu-row-wrap  tatsu-wrap tatsu-row-has-one-half tatsu-row-has-two-cols tatsu-medium-gutter tatsu-reg-cols  tatsu-clearfix tatsu-fqowy0lns77vs2ay\" ><div  class=\"tatsu-row \" ><div  class=\"tatsu-column  tatsu-column-no-bg tatsu-one-half tatsu-column-image-none tatsu-column-effect-none  tatsu-fqowy0lnsdamfkz6\"  data-parallax-speed=\"0\" style=\"\"><div class=\"tatsu-column-inner \" ><div class=\"tatsu-column-pad-wrap\"><div class=\"tatsu-column-pad\" ><div  class=\"tatsu-single-image tatsu-module tatsu-image-lazyload tatsu-HywJX_d43  \" ><div class=\"tatsu-single-image-inner \" style=\"width : 300px;\" ><div class = \"tatsu-single-image-padding-wrap\" style = \"padding-bottom : 20.666666666667%;\" ><\/div><img class = \"tatsu-gradient-border\" alt = \"\" title = \"logo-altamar-films-b\" data-src = \"https:\/\/www.altamar-films.com\/wp-content\/uploads\/2023\/04\/logo-altamar-films-b-1.png\" src =\"data:image\/png;base64,iVBORw0KGgoAAAANSUhEUgAAAAEAAAABCAQAAAC1HAwCAAAAC0lEQVR42mNkYAAAAAYAAjCB0C8AAAAASUVORK5CYII=\"  \/><\/div><style>.tatsu-HywJX_d43{margin: 0px 0 0 0;padding: 0px 0px 20px 0px;}.tatsu-HywJX_d43 .tatsu-single-image-inner{border-style: solid;max-width: 30%;}.tatsu-HywJX_d43.tatsu-single-image{transform: translate3d(0px,0px, 0);}@media only screen and (max-width: 767px) {.tatsu-HywJX_d43 .tatsu-single-image-inner{max-width: 57%;}}<\/style><\/div><div  class=\"tatsu-module tatsu-text-block-wrap tatsu-r1gEaNltN  \"><div class=\"tatsu-text-inner tatsu-align-center  clearfix\" ><style>.tatsu-r1gEaNltN.tatsu-text-block-wrap .tatsu-text-inner{width: 100%;text-align: left;}<\/style>\n<p><a href=\"mailto:contact@altamar-films.com\">contact@altamar-films.com<\/a><\/p>\n<\/div><\/div><div  class=\"tatsu-module tatsu-normal-icon tatsu-icon-shortcode align-left tatsu-HkeaRqzY4   tatsu-hide-desktop tatsu-hide-laptop tatsu-hide-tablet tatsu-hide-mobile \"><style>.tatsu-HkeaRqzY4 .tatsu-icon{color: rgba(0,0,0,1) ;}.tatsu-HkeaRqzY4 .tatsu-icon:hover{color: rgba(155,155,155,1) ;}.tatsu-HkeaRqzY4{border-width: 0px 0px 0px 0px;}<\/style><a href=\"#\"  class=\"tatsu-icon-wrap plain     \"  aria-label=\"icon-social_facebook_circle\" data-gdpr-atts={}  target=\"_blank\" ><i class=\"tatsu-icon tatsu-custom-icon tatsu-custom-icon-class icon-social_facebook_circle tiny plain\"><\/i><\/a><\/div><div  class=\"tatsu-module tatsu-normal-icon tatsu-icon-shortcode align-left tatsu-Bk911sMtN   tatsu-hide-desktop tatsu-hide-laptop tatsu-hide-tablet tatsu-hide-mobile \"><style>.tatsu-Bk911sMtN .tatsu-icon{color: rgba(35,35,35,1) ;}.tatsu-Bk911sMtN .tatsu-icon:hover{color: rgba(204,204,204,1) ;}.tatsu-Bk911sMtN{border-width: 0px 0px 0px 0px;}<\/style><a href=\"#\"  class=\"tatsu-icon-wrap plain     \"  aria-label=\"icon-twitter3\" data-gdpr-atts={}  target=\"_blank\" ><i class=\"tatsu-icon tatsu-custom-icon tatsu-custom-icon-class icon-twitter3 tiny plain\"><\/i><\/a><\/div><div  class=\"tatsu-module tatsu-text-block-wrap tatsu-SkogS6N73  \"><div class=\"tatsu-text-inner tatsu-align-center  clearfix\" ><style>.tatsu-SkogS6N73.tatsu-text-block-wrap .tatsu-text-inner{width: 100%;text-align: left;}<\/style>\n<h2>si\u00e8ge social<\/h2>\n<div class=\"textwidget custom-html-widget\"><a href=\"https:\/\/goo.gl\/maps\/JxbdPxknkDsaPk9T9\" target=\"_blank\" rel=\"noopener\">3, rue Ren\u00e9 Boulanger<br \/>\n75 010 Paris &#8211; F<br \/>\n<\/a><\/div>\n<\/div><\/div><div  class=\"tatsu-module tatsu-text-block-wrap tatsu-rk-eBpNX3  \"><div class=\"tatsu-text-inner tatsu-align-center  clearfix\" ><style>.tatsu-rk-eBpNX3.tatsu-text-block-wrap .tatsu-text-inner{width: 100%;text-align: left;}<\/style>\n<h2>bureau<\/h2>\n<div class=\"textwidget custom-html-widget\"><a href=\"https:\/\/goo.gl\/maps\/LnzdKKnmJiAh3m3x8\" target=\"_blank\" rel=\"noopener\">16, rue Meslay<br \/>75 010 Paris &#8211; F<br \/><\/a><\/div>\n<\/div><\/div><\/div><\/div><div class = \"tatsu-column-bg-image-wrap\"><div class = \"tatsu-column-bg-image\" ><\/div><\/div><\/div><style>.tatsu-row > .tatsu-fqowy0lnsdamfkz6.tatsu-column{width: 50%;}.tatsu-fqowy0lnsdamfkz6.tatsu-column > .tatsu-column-inner > .tatsu-column-pad-wrap > .tatsu-column-pad{padding: 0px 10px 10px 0px;}.tatsu-fqowy0lnsdamfkz6.tatsu-column > .tatsu-column-inner > .tatsu-column-overlay{mix-blend-mode: none;}.tatsu-fqowy0lnsdamfkz6 > .tatsu-column-inner > .tatsu-top-divider{z-index: 9999;}.tatsu-fqowy0lnsdamfkz6 > .tatsu-column-inner > .tatsu-bottom-divider{z-index: 9999;}.tatsu-fqowy0lnsdamfkz6 > .tatsu-column-inner > .tatsu-left-divider{z-index: 9999;}.tatsu-fqowy0lnsdamfkz6 > .tatsu-column-inner > .tatsu-right-divider{z-index: 9999;}@media only screen and (max-width:1377px) {.tatsu-row > .tatsu-fqowy0lnsdamfkz6.tatsu-column{width: 50%;}}@media only screen and (min-width:768px) and (max-width: 1024px) {.tatsu-row > .tatsu-fqowy0lnsdamfkz6.tatsu-column{width: 50%;}}@media only screen and (max-width: 767px) {.tatsu-row > .tatsu-fqowy0lnsdamfkz6.tatsu-column{width: 100%;}}<\/style><\/div><div  class=\"tatsu-column  tatsu-column-no-bg tatsu-one-half tatsu-column-image-none tatsu-column-effect-none  tatsu-rJgqQ64ltE\"  data-parallax-speed=\"0\" style=\"\"><div class=\"tatsu-column-inner \" ><div class=\"tatsu-column-pad-wrap\"><div class=\"tatsu-column-pad\" ><div  class=\"tatsu-module tatsu-text-block-wrap tatsu-Skvy2NeKE  tatsu-hide-desktop tatsu-hide-laptop tatsu-hide-tablet tatsu-hide-mobile \"><div class=\"tatsu-text-inner tatsu-align-center  clearfix\" ><style>.tatsu-Skvy2NeKE.tatsu-text-block-wrap .tatsu-text-inner{width: 100%;text-align: left;}<\/style>\n<p><iframe loading=\"lazy\" style=\"border: 0;\" src=\"https:\/\/www.google.com\/maps\/embed?pb=!1m18!1m12!1m3!1d36153.32034839847!2d2.3166523299762707!3d48.86429387930884!2m3!1f0!2f0!3f0!3m2!1i1024!2i768!4f13.1!3m3!1m2!1s0x47e66de0c3c69653%3A0x7b99378e9a91fa0f!2s26%20Rue%20du%20Chalet%2C%2075010%20Paris%2C%20France!5e0!3m2!1sfr!2sca!4v1677626944773!5m2!1sfr!2sca\" width=\"100%\" height=\"380\" allowfullscreen=\"allowfullscreen\"><\/iframe><\/p>\n<\/div><\/div><div  class=\"tatsu-shortcode-module tatsu-module tatsu-HJaLFaSQ3   \"  ><div class=\"frm_forms  with_frm_style frm_style_formidable-style\" id=\"frm_form_3_container\" data-token=\"85482412a55df23bc79d269128dee630\">\n<form enctype=\"multipart\/form-data\" method=\"post\" class=\"frm-show-form \" id=\"form_contact2\"  data-token=\"85482412a55df23bc79d269128dee630\">\n<div class=\"frm_form_fields \">\n<fieldset>\n<legend class=\"frm_screen_reader\">Contact (FR)<\/legend>\r\n\r\n<div class=\"frm_fields_container\">\n<input type=\"hidden\" name=\"frm_action\" value=\"create\" \/>\n<input type=\"hidden\" name=\"form_id\" value=\"3\" \/>\n<input type=\"hidden\" name=\"frm_hide_fields_3\" id=\"frm_hide_fields_3\" value=\"\" \/>\n<input type=\"hidden\" name=\"form_key\" value=\"contact2\" \/>\n<input type=\"hidden\" name=\"item_meta[0]\" value=\"\" \/>\n<input type=\"hidden\" id=\"frm_submit_entry_3\" name=\"frm_submit_entry_3\" value=\"43d0cc625b\" \/><input type=\"hidden\" name=\"_wp_http_referer\" value=\"\/fr\/wp-json\/wp\/v2\/pages\/3770\" \/><div id=\"frm_field_10_container\" class=\"frm_form_field form-field  frm_required_field frm_none_container frm12 frm_first\">\r\n    <div  id=\"field_fk3uw2_label\" class=\"frm_primary_label\">Nom\r\n        <span class=\"frm_required\" aria-hidden=\"true\">*<\/span>\r\n    <\/div>\r\n    <fieldset aria-labelledby=\"field_fk3uw2_label\">\n\t<legend class=\"frm_screen_reader frm_hidden\">\n\t\tNom\t<\/legend>\n\n\t<div  class=\"frm_combo_inputs_container\" id=\"frm_combo_inputs_container_10\" data-name-layout=\"first_last\">\n\t\t\t\t\t<div\n\t\t\t\tid=\"frm_field_10-first_container\"\n\t\t\t\tclass=\"frm_form_field form-field frm_form_subfield-first  frm6\"\n\t\t\t\tdata-sub-field-name=\"first\"\n\t\t\t>\n\t\t\t\t<label for=\"field_fk3uw2_first\" class=\"frm_screen_reader frm_hidden\">\n\t\t\t\t\tNom\t\t\t\t<\/label>\n\n\t\t\t\t\t\t\t\t\t\t<input\n\t\t\t\t\t\t\ttype=\"text\"\n\t\t\t\t\t\t\tid=\"field_fk3uw2_first\"\n\t\t\t\t\t\t\tvalue=\"\"\n\t\t\t\t\t\t\tname=\"item_meta[10][first]\"  placeholder=\"Pr\u00e9nom\" data-reqmsg=\"This field cannot be blank.\" aria-required=\"true\" data-invmsg=\"Nom is invalid\" aria-invalid=\"false\"  \t\t\t\t\t\t\/>\n\t\t\t\t\t\t\t\t\t<\/div>\n\t\t\t\t\t<div\n\t\t\t\tid=\"frm_field_10-last_container\"\n\t\t\t\tclass=\"frm_form_field form-field frm_form_subfield-last  frm6\"\n\t\t\t\tdata-sub-field-name=\"last\"\n\t\t\t>\n\t\t\t\t<label for=\"field_fk3uw2_last\" class=\"frm_screen_reader frm_hidden\">\n\t\t\t\t\tNom\t\t\t\t<\/label>\n\n\t\t\t\t\t\t\t\t\t\t<input\n\t\t\t\t\t\t\ttype=\"text\"\n\t\t\t\t\t\t\tid=\"field_fk3uw2_last\"\n\t\t\t\t\t\t\tvalue=\"\"\n\t\t\t\t\t\t\tname=\"item_meta[10][last]\"  placeholder=\"Nom\" data-reqmsg=\"This field cannot be blank.\" aria-required=\"true\" data-invmsg=\"Nom is invalid\" aria-invalid=\"false\"  \t\t\t\t\t\t\/>\n\t\t\t\t\t\t\t\t\t<\/div>\n\t\t\t<\/div>\n<\/fieldset>\n\r\n    \r\n    \r\n<\/div>\n<div id=\"frm_field_11_container\" class=\"frm_form_field form-field  frm_required_field frm_none_container\">\r\n    <label for=\"field_yxdni2\" id=\"field_yxdni2_label\" class=\"frm_primary_label\">Email\r\n        <span class=\"frm_required\" aria-hidden=\"true\">*<\/span>\r\n    <\/label>\r\n    <input type=\"email\" id=\"field_yxdni2\" name=\"item_meta[11]\" value=\"\"  placeholder=\"Email\" data-reqmsg=\"This field cannot be blank.\" aria-required=\"true\" data-invmsg=\"Email is invalid\" aria-invalid=\"false\"  \/>\r\n    \r\n    \r\n<\/div>\n<div id=\"frm_field_12_container\" class=\"frm_form_field form-field  frm_required_field frm_none_container frm12 frm_first\">\r\n    <label for=\"field_nafq2\" id=\"field_nafq2_label\" class=\"frm_primary_label\">Sujet\r\n        <span class=\"frm_required\" aria-hidden=\"true\">*<\/span>\r\n    <\/label>\r\n    <input type=\"text\" id=\"field_nafq2\" name=\"item_meta[12]\" value=\"\"  placeholder=\"Sujet\" data-reqmsg=\"This field cannot be blank.\" aria-required=\"true\" data-invmsg=\"Text is invalid\" aria-invalid=\"false\"  \/>\r\n    \r\n    \r\n<\/div>\n<div id=\"frm_field_13_container\" class=\"frm_form_field form-field  frm_required_field frm_none_container\">\r\n    <label for=\"field_w0pmi2\" id=\"field_w0pmi2_label\" class=\"frm_primary_label\">Message\r\n        <span class=\"frm_required\" aria-hidden=\"true\">*<\/span>\r\n    <\/label>\r\n    <textarea name=\"item_meta[13]\" id=\"field_w0pmi2\" rows=\"5\"  placeholder=\"Message\" data-reqmsg=\"This field cannot be blank.\" aria-required=\"true\" data-invmsg=\"Message is invalid\" aria-invalid=\"false\"  ><\/textarea>\r\n    \r\n    \r\n<\/div>\n<div id=\"frm_field_15_container\" class=\"frm_form_field form-field  frm_none_container\">\r\n    <label for=\"g-recaptcha-response\" id=\"field_5uapl_label\" class=\"frm_primary_label\">Captcha\r\n        <span class=\"frm_required\" aria-hidden=\"true\"><\/span>\r\n    <\/label>\r\n    <div id=\"field_5uapl\" class=\"frm-g-recaptcha\" data-sitekey=\"6LfE8rAqAAAAAGnc64BjCCUgu0U22d99wHj1_qB3\" data-size=\"normal\" data-theme=\"light\"><\/div>\r\n    \r\n    \r\n<\/div>\n\t<input type=\"hidden\" name=\"item_key\" value=\"\" \/>\n\t\t\t\t<div class=\"frm_verify\" aria-hidden=\"true\">\n\t\t\t\t<label for=\"frm_email_3\">\n\t\t\t\t\tIf you are human, leave this field blank.\t\t\t\t<\/label>\n\t\t\t\t<input type=\"text\" class=\"frm_verify\" id=\"frm_email_3\" name=\"frm_verify\" value=\"\"  \/>\n\t\t\t<\/div>\n\t\t<div class=\"frm_submit\">\r\n\r\n<button class=\"frm_button_submit\" type=\"submit\"  >Envoyer<\/button>\r\n\r\n\r\n<\/div><\/div>\n<\/fieldset>\n<\/div>\n<\/form>\n<\/div>\n<br \/>\n<\/div><\/div><\/div><div class = \"tatsu-column-bg-image-wrap\"><div class = \"tatsu-column-bg-image\" ><\/div><\/div><\/div><style>.tatsu-row > .tatsu-rJgqQ64ltE.tatsu-column{width: 50%;}.tatsu-rJgqQ64ltE.tatsu-column > .tatsu-column-inner > .tatsu-column-overlay{mix-blend-mode: none;}.tatsu-rJgqQ64ltE > .tatsu-column-inner > .tatsu-top-divider{z-index: 9999;}.tatsu-rJgqQ64ltE > .tatsu-column-inner > .tatsu-bottom-divider{z-index: 9999;}.tatsu-rJgqQ64ltE > .tatsu-column-inner > .tatsu-left-divider{z-index: 9999;}.tatsu-rJgqQ64ltE > .tatsu-column-inner > .tatsu-right-divider{z-index: 9999;}@media only screen and (max-width:1377px) {.tatsu-row > .tatsu-rJgqQ64ltE.tatsu-column{width: 50%;}}@media only screen and (min-width:768px) and (max-width: 1024px) {.tatsu-row > .tatsu-rJgqQ64ltE.tatsu-column{width: 50%;}}@media only screen and (max-width: 767px) {.tatsu-row > .tatsu-rJgqQ64ltE.tatsu-column{width: 100%;}}<\/style><\/div><\/div><\/div><\/div><div class=\"tatsu-section-background-wrap\"><div class = \"tatsu-section-background\" ><\/div><\/div><style>.tatsu-fqowy0lnrz1mh5xv .tatsu-section-pad{padding: 90px 0% 0px 0%;}.tatsu-fqowy0lnrz1mh5xv.tatsu-section{margin: 0px 0px 120px 0px;}.tatsu-fqowy0lnrz1mh5xv > .tatsu-bottom-divider{z-index: 9999;}.tatsu-fqowy0lnrz1mh5xv > .tatsu-top-divider{z-index: 9999;}<\/style><\/div>\n","protected":false},"excerpt":{"rendered":"<p><a href=\"https:\/\/www.altamar-films.com\/fr\/contact\/\" class=\"more-link style1-button\">Read More<\/a><\/p>","protected":false},"author":1,"featured_media":0,"parent":0,"menu_order":0,"comment_status":"closed","ping_status":"closed","template":"","meta":[],"yoast_head":"<!-- This site is optimized with the Yoast SEO plugin v20.2.1 - https:\/\/yoast.com\/wordpress\/plugins\/seo\/ -->\n<title>Contact - altamar films<\/title>\n<meta name=\"description\" content=\"Les films d&#039;Altamar ont \u00e9t\u00e9 s\u00e9lectionn\u00e9s \u00e0 Cannes, Venise, Rotterdam et trois d\u2019entre eux \u00e9taient les candidats nationaux aux Oscars.\" \/>\n<meta name=\"robots\" content=\"index, follow, max-snippet:-1, max-image-preview:large, max-video-preview:-1\" \/>\n<link rel=\"canonical\" href=\"https:\/\/www.altamar-films.com\/fr\/contact\/\" \/>\n<meta property=\"og:locale\" content=\"fr_FR\" \/>\n<meta property=\"og:type\" content=\"article\" \/>\n<meta property=\"og:title\" content=\"Alatamar films\" \/>\n<meta property=\"og:description\" content=\"Les films d&#039;Altamar ont \u00e9t\u00e9 s\u00e9lectionn\u00e9s \u00e0 Cannes, Venise, Rotterdam et trois d\u2019entre eux \u00e9taient les candidats nationaux aux Oscars.\" \/>\n<meta property=\"og:url\" content=\"https:\/\/www.altamar-films.com\/fr\/contact\/\" \/>\n<meta property=\"og:site_name\" content=\"altamar films\" \/>\n<meta property=\"article:modified_time\" content=\"2024-09-23T14:46:33+00:00\" \/>\n<meta property=\"og:image\" content=\"https:\/\/www.altamar-films.com\/wp-content\/uploads\/2023\/04\/Choix-photo-2-contact-ou-blurb-3.jpg\" \/>\n\t<meta property=\"og:image:width\" content=\"2560\" \/>\n\t<meta property=\"og:image:height\" content=\"1440\" \/>\n\t<meta property=\"og:image:type\" content=\"image\/jpeg\" \/>\n<meta name=\"twitter:card\" content=\"summary_large_image\" \/>\n<meta name=\"twitter:title\" content=\"Altamar films\" \/>\n<meta name=\"twitter:description\" content=\"Les films d&#039;Altamar ont \u00e9t\u00e9 s\u00e9lectionn\u00e9s \u00e0 Cannes, Venise, Rotterdam et trois d\u2019entre eux \u00e9taient les candidats nationaux aux Oscars.\" \/>\n<meta name=\"twitter:image\" content=\"https:\/\/www.altamar-films.com\/wp-content\/uploads\/2023\/04\/Choix-photo-2-contact-ou-blurb-2.jpg\" \/>\n<meta name=\"twitter:label1\" content=\"Dur\u00e9e de lecture estim\u00e9e\" \/>\n\t<meta name=\"twitter:data1\" content=\"6 minutes\" \/>\n<script type=\"application\/ld+json\" class=\"yoast-schema-graph\">{\"@context\":\"https:\/\/schema.org\",\"@graph\":[{\"@type\":\"WebPage\",\"@id\":\"https:\/\/www.altamar-films.com\/fr\/contact\/\",\"url\":\"https:\/\/www.altamar-films.com\/fr\/contact\/\",\"name\":\"Contact - altamar films\",\"isPartOf\":{\"@id\":\"https:\/\/www.altamar-films.com\/#website\"},\"datePublished\":\"2023-05-10T02:47:59+00:00\",\"dateModified\":\"2024-09-23T14:46:33+00:00\",\"description\":\"Les films d'Altamar ont \u00e9t\u00e9 s\u00e9lectionn\u00e9s \u00e0 Cannes, Venise, Rotterdam et trois d\u2019entre eux \u00e9taient les candidats nationaux aux Oscars.\",\"breadcrumb\":{\"@id\":\"https:\/\/www.altamar-films.com\/fr\/contact\/#breadcrumb\"},\"inLanguage\":\"fr-FR\",\"potentialAction\":[{\"@type\":\"ReadAction\",\"target\":[\"https:\/\/www.altamar-films.com\/fr\/contact\/\"]}]},{\"@type\":\"BreadcrumbList\",\"@id\":\"https:\/\/www.altamar-films.com\/fr\/contact\/#breadcrumb\",\"itemListElement\":[{\"@type\":\"ListItem\",\"position\":1,\"name\":\"Home\",\"item\":\"https:\/\/www.altamar-films.com\/fr\/home\/\"},{\"@type\":\"ListItem\",\"position\":2,\"name\":\"Contact\"}]},{\"@type\":\"WebSite\",\"@id\":\"https:\/\/www.altamar-films.com\/#website\",\"url\":\"https:\/\/www.altamar-films.com\/\",\"name\":\"Altamar films\",\"description\":\"altamar films\",\"publisher\":{\"@id\":\"https:\/\/www.altamar-films.com\/#organization\"},\"alternateName\":\"Altamar-films\",\"potentialAction\":[{\"@type\":\"SearchAction\",\"target\":{\"@type\":\"EntryPoint\",\"urlTemplate\":\"https:\/\/www.altamar-films.com\/?s={search_term_string}\"},\"query-input\":\"required name=search_term_string\"}],\"inLanguage\":\"fr-FR\"},{\"@type\":\"Organization\",\"@id\":\"https:\/\/www.altamar-films.com\/#organization\",\"name\":\"Altamar films\",\"alternateName\":\"Altamar-films\",\"url\":\"https:\/\/www.altamar-films.com\/\",\"logo\":{\"@type\":\"ImageObject\",\"inLanguage\":\"fr-FR\",\"@id\":\"https:\/\/www.altamar-films.com\/#\/schema\/logo\/image\/\",\"url\":\"https:\/\/www.altamar-films.com\/wp-content\/uploads\/2023\/04\/altamar-films-about-alexa-rivero.jpg\",\"contentUrl\":\"https:\/\/www.altamar-films.com\/wp-content\/uploads\/2023\/04\/altamar-films-about-alexa-rivero.jpg\",\"width\":2160,\"height\":1208,\"caption\":\"Altamar films\"},\"image\":{\"@id\":\"https:\/\/www.altamar-films.com\/#\/schema\/logo\/image\/\"}}]}<\/script>\n<!-- \/ Yoast SEO plugin. -->","yoast_head_json":{"title":"Contact - altamar films","description":"Les films d'Altamar ont \u00e9t\u00e9 s\u00e9lectionn\u00e9s \u00e0 Cannes, Venise, Rotterdam et trois d\u2019entre eux \u00e9taient les candidats nationaux aux Oscars.","robots":{"index":"index","follow":"follow","max-snippet":"max-snippet:-1","max-image-preview":"max-image-preview:large","max-video-preview":"max-video-preview:-1"},"canonical":"https:\/\/www.altamar-films.com\/fr\/contact\/","og_locale":"fr_FR","og_type":"article","og_title":"Alatamar films","og_description":"Les films d'Altamar ont \u00e9t\u00e9 s\u00e9lectionn\u00e9s \u00e0 Cannes, Venise, Rotterdam et trois d\u2019entre eux \u00e9taient les candidats nationaux aux Oscars.","og_url":"https:\/\/www.altamar-films.com\/fr\/contact\/","og_site_name":"altamar films","article_modified_time":"2024-09-23T14:46:33+00:00","og_image":[{"width":2560,"height":1440,"url":"https:\/\/www.altamar-films.com\/wp-content\/uploads\/2023\/04\/Choix-photo-2-contact-ou-blurb-3.jpg","type":"image\/jpeg"}],"twitter_card":"summary_large_image","twitter_title":"Altamar films","twitter_description":"Les films d'Altamar ont \u00e9t\u00e9 s\u00e9lectionn\u00e9s \u00e0 Cannes, Venise, Rotterdam et trois d\u2019entre eux \u00e9taient les candidats nationaux aux Oscars.","twitter_image":"https:\/\/www.altamar-films.com\/wp-content\/uploads\/2023\/04\/Choix-photo-2-contact-ou-blurb-2.jpg","twitter_misc":{"Dur\u00e9e de lecture estim\u00e9e":"6 minutes"},"schema":{"@context":"https:\/\/schema.org","@graph":[{"@type":"WebPage","@id":"https:\/\/www.altamar-films.com\/fr\/contact\/","url":"https:\/\/www.altamar-films.com\/fr\/contact\/","name":"Contact - altamar films","isPartOf":{"@id":"https:\/\/www.altamar-films.com\/#website"},"datePublished":"2023-05-10T02:47:59+00:00","dateModified":"2024-09-23T14:46:33+00:00","description":"Les films d'Altamar ont \u00e9t\u00e9 s\u00e9lectionn\u00e9s \u00e0 Cannes, Venise, Rotterdam et trois d\u2019entre eux \u00e9taient les candidats nationaux aux Oscars.","breadcrumb":{"@id":"https:\/\/www.altamar-films.com\/fr\/contact\/#breadcrumb"},"inLanguage":"fr-FR","potentialAction":[{"@type":"ReadAction","target":["https:\/\/www.altamar-films.com\/fr\/contact\/"]}]},{"@type":"BreadcrumbList","@id":"https:\/\/www.altamar-films.com\/fr\/contact\/#breadcrumb","itemListElement":[{"@type":"ListItem","position":1,"name":"Home","item":"https:\/\/www.altamar-films.com\/fr\/home\/"},{"@type":"ListItem","position":2,"name":"Contact"}]},{"@type":"WebSite","@id":"https:\/\/www.altamar-films.com\/#website","url":"https:\/\/www.altamar-films.com\/","name":"Altamar films","description":"altamar films","publisher":{"@id":"https:\/\/www.altamar-films.com\/#organization"},"alternateName":"Altamar-films","potentialAction":[{"@type":"SearchAction","target":{"@type":"EntryPoint","urlTemplate":"https:\/\/www.altamar-films.com\/?s={search_term_string}"},"query-input":"required name=search_term_string"}],"inLanguage":"fr-FR"},{"@type":"Organization","@id":"https:\/\/www.altamar-films.com\/#organization","name":"Altamar films","alternateName":"Altamar-films","url":"https:\/\/www.altamar-films.com\/","logo":{"@type":"ImageObject","inLanguage":"fr-FR","@id":"https:\/\/www.altamar-films.com\/#\/schema\/logo\/image\/","url":"https:\/\/www.altamar-films.com\/wp-content\/uploads\/2023\/04\/altamar-films-about-alexa-rivero.jpg","contentUrl":"https:\/\/www.altamar-films.com\/wp-content\/uploads\/2023\/04\/altamar-films-about-alexa-rivero.jpg","width":2160,"height":1208,"caption":"Altamar films"},"image":{"@id":"https:\/\/www.altamar-films.com\/#\/schema\/logo\/image\/"}}]}},"_links":{"self":[{"href":"https:\/\/www.altamar-films.com\/fr\/wp-json\/wp\/v2\/pages\/3770"}],"collection":[{"href":"https:\/\/www.altamar-films.com\/fr\/wp-json\/wp\/v2\/pages"}],"about":[{"href":"https:\/\/www.altamar-films.com\/fr\/wp-json\/wp\/v2\/types\/page"}],"author":[{"embeddable":true,"href":"https:\/\/www.altamar-films.com\/fr\/wp-json\/wp\/v2\/users\/1"}],"replies":[{"embeddable":true,"href":"https:\/\/www.altamar-films.com\/fr\/wp-json\/wp\/v2\/comments?post=3770"}],"version-history":[{"count":14,"href":"https:\/\/www.altamar-films.com\/fr\/wp-json\/wp\/v2\/pages\/3770\/revisions"}],"predecessor-version":[{"id":4055,"href":"https:\/\/www.altamar-films.com\/fr\/wp-json\/wp\/v2\/pages\/3770\/revisions\/4055"}],"wp:attachment":[{"href":"https:\/\/www.altamar-films.com\/fr\/wp-json\/wp\/v2\/media?parent=3770"}],"curies":[{"name":"wp","href":"https:\/\/api.w.org\/{rel}","templated":true}]}}