{"id":3960,"date":"2023-05-16T23:13:23","date_gmt":"2023-05-16T21:13:23","guid":{"rendered":"https:\/\/www.altamar-films.com\/politique-de-confidentialite-copy\/"},"modified":"2023-05-16T23:19:09","modified_gmt":"2023-05-16T21:19:09","slug":"mentions-legales","status":"publish","type":"page","link":"https:\/\/www.altamar-films.com\/fr\/mentions-legales\/","title":{"rendered":"Mentions l\u00e9gales"},"content":{"rendered":"<div  class=\"tatsu-B1ZkVsDZB3 tatsu-section  tatsu-bg-overlay   tatsu-clearfix\" data-title=\"\"  data-headerscheme=\"background--dark\"><div class='tatsu-section-pad clearfix' data-padding='{\"d\":\"90px 0px 90px 0px\"}' data-padding-top='90px'><div class=\"tatsu-row-wrap  tatsu-wrap tatsu-row-one-col tatsu-row-has-one-cols tatsu-medium-gutter tatsu-reg-cols  tatsu-clearfix tatsu-ByxJNjPZBn\" ><div  class=\"tatsu-row \" ><div  class=\"tatsu-column  tatsu-bg-overlay tatsu-column-empty tatsu-one-col tatsu-column-image-none tatsu-column-effect-none  tatsu-SykEjw-Sh\"  data-parallax-speed=\"0\" style=\"\"><div class=\"tatsu-column-inner \" ><div class=\"tatsu-column-pad-wrap\"><div class=\"tatsu-column-pad\" ><\/div><\/div><div class = \"tatsu-column-bg-image-wrap\"><div class = \"tatsu-column-bg-image\" ><\/div><\/div><div class=\"tatsu-overlay tatsu-column-overlay tatsu-animate-none\" ><\/div><\/div><style>.tatsu-row > .tatsu-SykEjw-Sh.tatsu-column{width: 100%;}.tatsu-SykEjw-Sh.tatsu-column > .tatsu-column-inner > .tatsu-column-overlay{mix-blend-mode: normal;}.tatsu-SykEjw-Sh > .tatsu-column-inner > .tatsu-top-divider{z-index: 9999;}.tatsu-SykEjw-Sh > .tatsu-column-inner > .tatsu-bottom-divider{z-index: 9999;}.tatsu-SykEjw-Sh > .tatsu-column-inner > .tatsu-left-divider{z-index: 9999;}.tatsu-SykEjw-Sh > .tatsu-column-inner > .tatsu-right-divider{z-index: 9999;}@media only screen and (max-width:1377px) {.tatsu-row > .tatsu-SykEjw-Sh.tatsu-column{width: 100%;}}@media only screen and (min-width:768px) and (max-width: 1024px) {.tatsu-row > .tatsu-SykEjw-Sh.tatsu-column{width: 100%;}}@media only screen and (max-width: 767px) {.tatsu-row > .tatsu-SykEjw-Sh.tatsu-column{width: 100%;}}<\/style><\/div><\/div><\/div><\/div><div class=\"tatsu-section-background-wrap\"><div class = \"tatsu-section-background\" ><\/div><\/div><div class=\"tatsu-overlay tatsu-section-overlay\"><\/div><style>.tatsu-B1ZkVsDZB3.tatsu-section{background-color: rgba(35,35,35,1);}.tatsu-B1ZkVsDZB3 .tatsu-section-pad{padding: 90px 0px 90px 0px;}.tatsu-B1ZkVsDZB3 .tatsu-section-offset-wrap{transform: translateY(-0px);}.tatsu-B1ZkVsDZB3 > .tatsu-bottom-divider{z-index: 9999;}.tatsu-B1ZkVsDZB3 > .tatsu-top-divider{z-index: 9999;}.tatsu-B1ZkVsDZB3 .tatsu-section-overlay{mix-blend-mode: normal;}<\/style><\/div><div  class=\"tatsu-g1q5ayq54t848bjz tatsu-section    tatsu-clearfix\" data-title=\"\"  data-headerscheme=\"background--dark\"><div class='tatsu-section-pad clearfix' data-padding='{\"d\":\"90px 0px 90px 0px\"}' data-padding-top='90px'><div class=\"tatsu-row-wrap  tatsu-wrap tatsu-row-one-col tatsu-row-has-one-cols tatsu-medium-gutter tatsu-reg-cols  tatsu-clearfix tatsu-g1q5ayq56f8oabeh\" ><div  class=\"tatsu-row \" ><div  class=\"tatsu-column  tatsu-column-no-bg tatsu-one-col tatsu-column-image-none tatsu-column-effect-none  tatsu-g1q5ayq57tf5dbxx\"  data-parallax-speed=\"0\" style=\"\"><div class=\"tatsu-column-inner \" ><div class=\"tatsu-column-pad-wrap\"><div class=\"tatsu-column-pad\" ><div  class=\"tatsu-module tatsu-text-block-wrap tatsu-HJOBVjztE  \"><div class=\"tatsu-text-inner tatsu-align-center  clearfix\" ><style>.tatsu-HJOBVjztE.tatsu-text-block-wrap .tatsu-text-inner{width: 100%;text-align: left;}<\/style>\n<h3>Confidentialit\u00e9 des donn\u00e9es<\/h3>\n<\/div><\/div><div  class=\"tatsu-module tatsu-text-block-wrap tatsu-g1q5ayq58uoaz8j  \"><div class=\"tatsu-text-inner tatsu-align-center  clearfix\" ><style>.tatsu-g1q5ayq58uoaz8j.tatsu-text-block-wrap .tatsu-text-inner{width: 100%;text-align: left;}<\/style>\n<p>Les pr\u00e9sentes conditions g\u00e9n\u00e9rales r\u00e9gissent l\u2019utilisation du site altamar-films.com. Le site appartient et est administr\u00e9 par Altamar Films. En utilisant notre site, vous attestez que vous avez lu et compris les conditions d\u2019utilisation et que vous acceptez de les respecter en tout temps. Type de site: vitrine.<\/p>\n<p>Responsable du site: Altamar Films \u2013 Conception : Thibault Landel et Womko Agence Web Inc. \u2013 Mai 2023.<\/p>\n<h4><strong>Propri\u00e9t\u00e9 intellectuelle<\/strong><\/h4>\n<p>Tout contenu publi\u00e9 et mis \u00e0 disposition sur notre site est la propri\u00e9t\u00e9 de Altamar Films et de ses cr\u00e9ateurs. Cela comprend, mais n\u2019est pas limit\u00e9 aux images, textes, logos, documents, fichiers t\u00e9l\u00e9chargeables et tout ce qui contribue \u00e0 la composition de ce site.<\/p>\n<p><strong>Limitation de responsabilit\u00e9<\/strong><\/p>\n<p>Altamar Films ou l\u2019un(e) de ses employ\u00e9(e)s ou prestataire, sont responsables de tout probl\u00e8me pouvant provenir du site. N\u00e9anmoins, Altamar Films et ses employ\u00e9(e)s ou prestataires ne seront pas tenus responsables de tout probl\u00e8me provenant de toute utilisation irr\u00e9guli\u00e8re du site y compris la pr\u00e9sence involontaire de notre part de virus pouvant g\u00e9n\u00e9rer des probl\u00e8mes sur vos \u00e9quipements et sur vos donn\u00e9es suite \u00e0 la visite de notre site.<\/p>\n<h4><strong>Indemnit\u00e9<\/strong><\/h4>\n<p>En tant qu\u2019utilisateur, vous \u00eates responsable de la s\u00e9curit\u00e9 de vos appareils, de vos donn\u00e9es et de votre connexion internet et vous choisissez librement de visiter notre site internet. De ce fait, vous ne pourrez pas engager de poursuite contre Altamar Films et vous ne pourrez pas faire de demande d\u2019indemnit\u00e9 pour d\u2019\u00e9ventuel dommage rencontr\u00e9 apr\u00e8s la visite de notre site.<\/p>\n<h4><strong>Lois applicables<\/strong><\/h4>\n<p>Ce texte est soumis aux lois applicables en France et vise \u00e0 se conformer \u00e0 ses r\u00e8gles et r\u00e8glements. Le RGPD est la loi applicable qui r\u00e9git ce texte.<\/p>\n<h4><strong>Divisibilit\u00e9<\/strong><\/h4>\n<p>Si, \u00e0 tout moment, l\u2019une des dispositions \u00e9nonc\u00e9es dans le pr\u00e9sent document est jug\u00e9e incompatible ou invalide en vertu des lois applicables, ces dispositions seront consid\u00e9r\u00e9es comme nulles et seront retir\u00e9es du pr\u00e9sent texte. Toutes les autres dispositions ne seront pas touch\u00e9es par les lois et le reste du texte sera toujours consid\u00e9r\u00e9 comme valide.<\/p>\n<h4><strong>Modifications<\/strong><\/h4>\n<p>Ces conditions g\u00e9n\u00e9rales peuvent \u00eatre modifi\u00e9es en tout temps afin de maintenir le respect de la loi et de refl\u00e9ter tout changement \u00e0 la fa\u00e7on dont nous g\u00e9rons notre site et la fa\u00e7on dont nous nous attendons \u00e0 ce que les utilisateurs se comportent sur notre site. Nous recommandons \u00e0 nos utilisateurs de v\u00e9rifier ces conditions g\u00e9n\u00e9rales pour rester inform\u00e9s de toute mise \u00e0 jour.<\/p>\n<h4><strong>Contact<\/strong><\/h4>\n<p>Pour toutes questions vous pouvez communiquer avec nous \u00e0 l\u2019adresse courriel suivante: contact@altamar-films.com<\/p>\n<p>Adresse postale: 3, rue Ren\u00e9 Boulanger 75010 Paris &#8211; France<\/p>\n<p>Date d\u2019entr\u00e9e en vigueur : Le 16 mai 2023.<\/p>\n<\/div><\/div><div  class=\"tatsu-module tatsu-divider-wrap  tatsu-SJik4jMYE   \"  ><style>.tatsu-SJik4jMYE .tatsu-divider{height: 2px;width: 100%;background: #efefef;}.tatsu-SJik4jMYE.tatsu-divider-wrap{text-align: left;}<\/style><hr class=\"tatsu-divider\"\/><\/div><\/div><\/div><div class = \"tatsu-column-bg-image-wrap\"><div class = \"tatsu-column-bg-image\" ><\/div><\/div><\/div><style>.tatsu-row > .tatsu-g1q5ayq57tf5dbxx.tatsu-column{width: 100%;}.tatsu-g1q5ayq57tf5dbxx.tatsu-column > .tatsu-column-inner > .tatsu-column-overlay{mix-blend-mode: none;}.tatsu-g1q5ayq57tf5dbxx > .tatsu-column-inner > .tatsu-top-divider{z-index: 9999;}.tatsu-g1q5ayq57tf5dbxx > .tatsu-column-inner > .tatsu-bottom-divider{z-index: 9999;}.tatsu-g1q5ayq57tf5dbxx > .tatsu-column-inner > .tatsu-left-divider{z-index: 9999;}.tatsu-g1q5ayq57tf5dbxx > .tatsu-column-inner > .tatsu-right-divider{z-index: 9999;}<\/style><\/div><\/div><\/div><\/div><div class=\"tatsu-section-background-wrap\"><div class = \"tatsu-section-background\" ><\/div><\/div><style>.tatsu-g1q5ayq54t848bjz .tatsu-section-pad{padding: 90px 0px 90px 0px;}.tatsu-g1q5ayq54t848bjz > .tatsu-bottom-divider{z-index: 9999;}.tatsu-g1q5ayq54t848bjz > .tatsu-top-divider{z-index: 9999;}<\/style><\/div>\n","protected":false},"excerpt":{"rendered":"<p><a href=\"https:\/\/www.altamar-films.com\/fr\/mentions-legales\/\" class=\"more-link style1-button\">Read More<\/a><\/p>","protected":false},"author":1,"featured_media":0,"parent":0,"menu_order":0,"comment_status":"closed","ping_status":"closed","template":"","meta":[],"yoast_head":"<!-- This site is optimized with the Yoast SEO plugin v20.2.1 - https:\/\/yoast.com\/wordpress\/plugins\/seo\/ -->\n<title>Mentions l\u00e9gales - altamar films<\/title>\n<meta name=\"description\" content=\"Altamar films is a French film production company that works with directors who defend strong narratives with a signature style.\" \/>\n<meta name=\"robots\" content=\"index, follow, max-snippet:-1, max-image-preview:large, max-video-preview:-1\" \/>\n<link rel=\"canonical\" href=\"https:\/\/www.altamar-films.com\/fr\/mentions-legales\/\" \/>\n<meta property=\"og:locale\" content=\"fr_FR\" \/>\n<meta property=\"og:type\" content=\"article\" \/>\n<meta property=\"og:title\" content=\"Mentions l\u00e9gales - altamar films\" \/>\n<meta property=\"og:description\" content=\"Altamar films is a French film production company that works with directors who defend strong narratives with a signature style.\" \/>\n<meta property=\"og:url\" content=\"https:\/\/www.altamar-films.com\/fr\/mentions-legales\/\" \/>\n<meta property=\"og:site_name\" content=\"altamar films\" \/>\n<meta property=\"article:modified_time\" content=\"2023-05-16T21:19:09+00:00\" \/>\n<meta property=\"og:image\" content=\"https:\/\/www.altamar-films.com\/wp-content\/uploads\/2023\/04\/altamar-films-about-alexa-rivero.jpg\" \/>\n\t<meta property=\"og:image:width\" content=\"2160\" \/>\n\t<meta property=\"og:image:height\" content=\"1208\" \/>\n\t<meta property=\"og:image:type\" content=\"image\/jpeg\" \/>\n<meta name=\"twitter:card\" content=\"summary_large_image\" \/>\n<meta name=\"twitter:label1\" content=\"Dur\u00e9e de lecture estim\u00e9e\" \/>\n\t<meta name=\"twitter:data1\" content=\"11 minutes\" \/>\n<script type=\"application\/ld+json\" class=\"yoast-schema-graph\">{\"@context\":\"https:\/\/schema.org\",\"@graph\":[{\"@type\":\"WebPage\",\"@id\":\"https:\/\/www.altamar-films.com\/fr\/mentions-legales\/\",\"url\":\"https:\/\/www.altamar-films.com\/fr\/mentions-legales\/\",\"name\":\"Mentions l\u00e9gales - altamar films\",\"isPartOf\":{\"@id\":\"https:\/\/www.altamar-films.com\/#website\"},\"datePublished\":\"2023-05-16T21:13:23+00:00\",\"dateModified\":\"2023-05-16T21:19:09+00:00\",\"description\":\"Altamar films is a French film production company that works with directors who defend strong narratives with a signature style.\",\"breadcrumb\":{\"@id\":\"https:\/\/www.altamar-films.com\/fr\/mentions-legales\/#breadcrumb\"},\"inLanguage\":\"fr-FR\",\"potentialAction\":[{\"@type\":\"ReadAction\",\"target\":[\"https:\/\/www.altamar-films.com\/fr\/mentions-legales\/\"]}]},{\"@type\":\"BreadcrumbList\",\"@id\":\"https:\/\/www.altamar-films.com\/fr\/mentions-legales\/#breadcrumb\",\"itemListElement\":[{\"@type\":\"ListItem\",\"position\":1,\"name\":\"Home\",\"item\":\"https:\/\/www.altamar-films.com\/fr\/home\/\"},{\"@type\":\"ListItem\",\"position\":2,\"name\":\"Mentions l\u00e9gales\"}]},{\"@type\":\"WebSite\",\"@id\":\"https:\/\/www.altamar-films.com\/#website\",\"url\":\"https:\/\/www.altamar-films.com\/\",\"name\":\"Altamar films\",\"description\":\"altamar films\",\"publisher\":{\"@id\":\"https:\/\/www.altamar-films.com\/#organization\"},\"alternateName\":\"Altamar-films\",\"potentialAction\":[{\"@type\":\"SearchAction\",\"target\":{\"@type\":\"EntryPoint\",\"urlTemplate\":\"https:\/\/www.altamar-films.com\/?s={search_term_string}\"},\"query-input\":\"required name=search_term_string\"}],\"inLanguage\":\"fr-FR\"},{\"@type\":\"Organization\",\"@id\":\"https:\/\/www.altamar-films.com\/#organization\",\"name\":\"Altamar films\",\"alternateName\":\"Altamar-films\",\"url\":\"https:\/\/www.altamar-films.com\/\",\"logo\":{\"@type\":\"ImageObject\",\"inLanguage\":\"fr-FR\",\"@id\":\"https:\/\/www.altamar-films.com\/#\/schema\/logo\/image\/\",\"url\":\"https:\/\/www.altamar-films.com\/wp-content\/uploads\/2023\/04\/altamar-films-about-alexa-rivero.jpg\",\"contentUrl\":\"https:\/\/www.altamar-films.com\/wp-content\/uploads\/2023\/04\/altamar-films-about-alexa-rivero.jpg\",\"width\":2160,\"height\":1208,\"caption\":\"Altamar films\"},\"image\":{\"@id\":\"https:\/\/www.altamar-films.com\/#\/schema\/logo\/image\/\"}}]}<\/script>\n<!-- \/ Yoast SEO plugin. -->","yoast_head_json":{"title":"Mentions l\u00e9gales - altamar films","description":"Altamar films is a French film production company that works with directors who defend strong narratives with a signature style.","robots":{"index":"index","follow":"follow","max-snippet":"max-snippet:-1","max-image-preview":"max-image-preview:large","max-video-preview":"max-video-preview:-1"},"canonical":"https:\/\/www.altamar-films.com\/fr\/mentions-legales\/","og_locale":"fr_FR","og_type":"article","og_title":"Mentions l\u00e9gales - altamar films","og_description":"Altamar films is a French film production company that works with directors who defend strong narratives with a signature style.","og_url":"https:\/\/www.altamar-films.com\/fr\/mentions-legales\/","og_site_name":"altamar films","article_modified_time":"2023-05-16T21:19:09+00:00","og_image":[{"width":2160,"height":1208,"url":"https:\/\/www.altamar-films.com\/wp-content\/uploads\/2023\/04\/altamar-films-about-alexa-rivero.jpg","type":"image\/jpeg"}],"twitter_card":"summary_large_image","twitter_misc":{"Dur\u00e9e de lecture estim\u00e9e":"11 minutes"},"schema":{"@context":"https:\/\/schema.org","@graph":[{"@type":"WebPage","@id":"https:\/\/www.altamar-films.com\/fr\/mentions-legales\/","url":"https:\/\/www.altamar-films.com\/fr\/mentions-legales\/","name":"Mentions l\u00e9gales - altamar films","isPartOf":{"@id":"https:\/\/www.altamar-films.com\/#website"},"datePublished":"2023-05-16T21:13:23+00:00","dateModified":"2023-05-16T21:19:09+00:00","description":"Altamar films is a French film production company that works with directors who defend strong narratives with a signature style.","breadcrumb":{"@id":"https:\/\/www.altamar-films.com\/fr\/mentions-legales\/#breadcrumb"},"inLanguage":"fr-FR","potentialAction":[{"@type":"ReadAction","target":["https:\/\/www.altamar-films.com\/fr\/mentions-legales\/"]}]},{"@type":"BreadcrumbList","@id":"https:\/\/www.altamar-films.com\/fr\/mentions-legales\/#breadcrumb","itemListElement":[{"@type":"ListItem","position":1,"name":"Home","item":"https:\/\/www.altamar-films.com\/fr\/home\/"},{"@type":"ListItem","position":2,"name":"Mentions l\u00e9gales"}]},{"@type":"WebSite","@id":"https:\/\/www.altamar-films.com\/#website","url":"https:\/\/www.altamar-films.com\/","name":"Altamar films","description":"altamar films","publisher":{"@id":"https:\/\/www.altamar-films.com\/#organization"},"alternateName":"Altamar-films","potentialAction":[{"@type":"SearchAction","target":{"@type":"EntryPoint","urlTemplate":"https:\/\/www.altamar-films.com\/?s={search_term_string}"},"query-input":"required name=search_term_string"}],"inLanguage":"fr-FR"},{"@type":"Organization","@id":"https:\/\/www.altamar-films.com\/#organization","name":"Altamar films","alternateName":"Altamar-films","url":"https:\/\/www.altamar-films.com\/","logo":{"@type":"ImageObject","inLanguage":"fr-FR","@id":"https:\/\/www.altamar-films.com\/#\/schema\/logo\/image\/","url":"https:\/\/www.altamar-films.com\/wp-content\/uploads\/2023\/04\/altamar-films-about-alexa-rivero.jpg","contentUrl":"https:\/\/www.altamar-films.com\/wp-content\/uploads\/2023\/04\/altamar-films-about-alexa-rivero.jpg","width":2160,"height":1208,"caption":"Altamar films"},"image":{"@id":"https:\/\/www.altamar-films.com\/#\/schema\/logo\/image\/"}}]}},"_links":{"self":[{"href":"https:\/\/www.altamar-films.com\/fr\/wp-json\/wp\/v2\/pages\/3960"}],"collection":[{"href":"https:\/\/www.altamar-films.com\/fr\/wp-json\/wp\/v2\/pages"}],"about":[{"href":"https:\/\/www.altamar-films.com\/fr\/wp-json\/wp\/v2\/types\/page"}],"author":[{"embeddable":true,"href":"https:\/\/www.altamar-films.com\/fr\/wp-json\/wp\/v2\/users\/1"}],"replies":[{"embeddable":true,"href":"https:\/\/www.altamar-films.com\/fr\/wp-json\/wp\/v2\/comments?post=3960"}],"version-history":[{"count":3,"href":"https:\/\/www.altamar-films.com\/fr\/wp-json\/wp\/v2\/pages\/3960\/revisions"}],"predecessor-version":[{"id":3969,"href":"https:\/\/www.altamar-films.com\/fr\/wp-json\/wp\/v2\/pages\/3960\/revisions\/3969"}],"wp:attachment":[{"href":"https:\/\/www.altamar-films.com\/fr\/wp-json\/wp\/v2\/media?parent=3960"}],"curies":[{"name":"wp","href":"https:\/\/api.w.org\/{rel}","templated":true}]}}